{"id":701,"date":"2024-12-15T20:59:41","date_gmt":"2024-12-15T19:59:41","guid":{"rendered":"https:\/\/www.cathedralesindustrielles.art\/?page_id=701"},"modified":"2025-02-02T22:58:11","modified_gmt":"2025-02-02T21:58:11","slug":"presse-medias","status":"publish","type":"page","link":"https:\/\/www.cathedralesindustrielles.art\/?page_id=701","title":{"rendered":"Presse &#038; M\u00e9dias"},"content":{"rendered":"\t\t<div data-elementor-type=\"wp-page\" data-elementor-id=\"701\" class=\"elementor elementor-701\" data-elementor-post-type=\"page\">\n\t\t\t\t<div class=\"elementor-element elementor-element-cb56c41 e-con-full e-flex e-con e-parent\" data-id=\"cb56c41\" data-element_type=\"container\" data-e-type=\"container\" data-settings=\"{&quot;background_background&quot;:&quot;slideshow&quot;,&quot;background_slideshow_gallery&quot;:[{&quot;id&quot;:641,&quot;url&quot;:&quot;https:\\\/\\\/www.cathedralesindustrielles.art\\\/wp-content\\\/uploads\\\/2024\\\/11\\\/2409121139-4508.4671.jpg&quot;},{&quot;id&quot;:637,&quot;url&quot;:&quot;https:\\\/\\\/www.cathedralesindustrielles.art\\\/wp-content\\\/uploads\\\/2024\\\/11\\\/2408281048-2059.jpg&quot;},{&quot;id&quot;:633,&quot;url&quot;:&quot;https:\\\/\\\/www.cathedralesindustrielles.art\\\/wp-content\\\/uploads\\\/2024\\\/11\\\/2407171357-0419.4447.jpg&quot;},{&quot;id&quot;:629,&quot;url&quot;:&quot;https:\\\/\\\/www.cathedralesindustrielles.art\\\/wp-content\\\/uploads\\\/2024\\\/11\\\/2407111156-2391.4337.jpg&quot;}],&quot;background_slideshow_lazyload&quot;:&quot;yes&quot;,&quot;background_slideshow_ken_burns&quot;:&quot;yes&quot;,&quot;background_slideshow_loop&quot;:&quot;yes&quot;,&quot;background_slideshow_slide_duration&quot;:5000,&quot;background_slideshow_slide_transition&quot;:&quot;fade&quot;,&quot;background_slideshow_transition_duration&quot;:500,&quot;background_slideshow_ken_burns_zoom_direction&quot;:&quot;in&quot;}\">\n\t\t\t\t<div class=\"elementor-element elementor-element-505d8bf elementor-widget-divider--view-line elementor-widget elementor-widget-divider\" data-id=\"505d8bf\" data-element_type=\"widget\" data-e-type=\"widget\" data-widget_type=\"divider.default\">\n\t\t\t\t<div class=\"elementor-widget-container\">\n\t\t\t\t\t\t\t<div class=\"elementor-divider\">\n\t\t\t<span class=\"elementor-divider-separator\">\n\t\t\t\t\t\t<\/span>\n\t\t<\/div>\n\t\t\t\t\t\t<\/div>\n\t\t\t\t<\/div>\n\t\t\t\t<div class=\"elementor-element elementor-element-ec276b1 elementor-widget elementor-widget-heading\" data-id=\"ec276b1\" data-element_type=\"widget\" data-e-type=\"widget\" data-widget_type=\"heading.default\">\n\t\t\t\t<div class=\"elementor-widget-container\">\n\t\t\t\t\t<h2 class=\"elementor-heading-title elementor-size-default\">Presse &amp; m\u00e9dias<\/h2>\t\t\t\t<\/div>\n\t\t\t\t<\/div>\n\t\t\t\t<div class=\"elementor-element elementor-element-b72545c elementor-widget-divider--view-line elementor-widget elementor-widget-divider\" data-id=\"b72545c\" data-element_type=\"widget\" data-e-type=\"widget\" data-widget_type=\"divider.default\">\n\t\t\t\t<div class=\"elementor-widget-container\">\n\t\t\t\t\t\t\t<div class=\"elementor-divider\">\n\t\t\t<span class=\"elementor-divider-separator\">\n\t\t\t\t\t\t<\/span>\n\t\t<\/div>\n\t\t\t\t\t\t<\/div>\n\t\t\t\t<\/div>\n\t\t<div class=\"elementor-element elementor-element-aaf6225 e-con-full e-flex e-con e-child\" data-id=\"aaf6225\" data-element_type=\"container\" data-e-type=\"container\" data-settings=\"{&quot;background_background&quot;:&quot;gradient&quot;}\">\n\t\t\t\t<div class=\"elementor-element elementor-element-72160d3 elementor-widget elementor-widget-heading\" data-id=\"72160d3\" data-element_type=\"widget\" data-e-type=\"widget\" data-widget_type=\"heading.default\">\n\t\t\t\t<div class=\"elementor-widget-container\">\n\t\t\t\t\t<h3 class=\"elementor-heading-title elementor-size-default\">On parle de l'exposition<\/h3>\t\t\t\t<\/div>\n\t\t\t\t<\/div>\n\t\t\t\t<div class=\"elementor-element elementor-element-a82bfbd elementor-widget__width-initial elementor-widget elementor-widget-video\" data-id=\"a82bfbd\" data-element_type=\"widget\" data-e-type=\"widget\" data-settings=\"{&quot;video_type&quot;:&quot;hosted&quot;,&quot;controls&quot;:&quot;yes&quot;}\" data-widget_type=\"video.default\">\n\t\t\t\t<div class=\"elementor-widget-container\">\n\t\t\t\t\t\t\t<div class=\"e-hosted-video elementor-wrapper elementor-open-inline\">\n\t\t\t\t\t<video class=\"elementor-video\" src=\"https:\/\/www.cathedralesindustrielles.art\/worldskills.mp4\" controls=\"\" preload=\"metadata\" controlsList=\"nodownload\" poster=\"https:\/\/www.cathedralesindustrielles.art\/wp-content\/uploads\/2025\/02\/cover_worldskills.png\"><\/video>\n\t\t\t\t<\/div>\n\t\t\t\t\t\t<\/div>\n\t\t\t\t<\/div>\n\t\t\t\t<div class=\"elementor-element elementor-element-049ea13 elementor-widget__width-initial elementor-widget elementor-widget-text-editor\" data-id=\"049ea13\" data-element_type=\"widget\" data-e-type=\"widget\" data-widget_type=\"text-editor.default\">\n\t\t\t\t<div class=\"elementor-widget-container\">\n\t\t\t\t\t\t\t\t\t<p style=\"text-align: center;\"><span style=\"color: #ffffff;\"><em><strong>WebTV Salon Worldskills Metz<\/strong><\/em> du 30 janvier 2025<br \/><\/span><\/p>\t\t\t\t\t\t\t\t<\/div>\n\t\t\t\t<\/div>\n\t\t\t\t<div class=\"elementor-element elementor-element-22b2865 elementor-widget__width-initial elementor-widget elementor-widget-video\" data-id=\"22b2865\" data-element_type=\"widget\" data-e-type=\"widget\" data-settings=\"{&quot;video_type&quot;:&quot;hosted&quot;,&quot;controls&quot;:&quot;yes&quot;}\" data-widget_type=\"video.default\">\n\t\t\t\t<div class=\"elementor-widget-container\">\n\t\t\t\t\t\t\t<div class=\"e-hosted-video elementor-wrapper elementor-open-inline\">\n\t\t\t\t\t<video class=\"elementor-video\" src=\"https:\/\/www.cathedralesindustrielles.art\/wp-content\/uploads\/2025\/01\/France-3-Lorraine-ICI-19-20-10-jan-2025-BD.mp4\" controls=\"\" preload=\"metadata\" controlsList=\"nodownload\" poster=\"https:\/\/www.cathedralesindustrielles.art\/wp-content\/uploads\/2025\/01\/France-3-JT-du-10-01-2025.png\"><\/video>\n\t\t\t\t<\/div>\n\t\t\t\t\t\t<\/div>\n\t\t\t\t<\/div>\n\t\t\t\t<div class=\"elementor-element elementor-element-e52195e elementor-widget__width-initial elementor-widget elementor-widget-text-editor\" data-id=\"e52195e\" data-element_type=\"widget\" data-e-type=\"widget\" data-widget_type=\"text-editor.default\">\n\t\t\t\t<div class=\"elementor-widget-container\">\n\t\t\t\t\t\t\t\t\t<p style=\"text-align: center;\"><span style=\"color: #ffffff;\"><em><strong>Journal de France 3 Lorraine<\/strong><\/em> du 10 janvier 2025<br \/><\/span><\/p>\t\t\t\t\t\t\t\t<\/div>\n\t\t\t\t<\/div>\n\t\t\t\t<div class=\"elementor-element elementor-element-2dcce21 elementor-widget__width-initial elementor-widget elementor-widget-video\" data-id=\"2dcce21\" data-element_type=\"widget\" data-e-type=\"widget\" data-settings=\"{&quot;video_type&quot;:&quot;hosted&quot;,&quot;controls&quot;:&quot;yes&quot;}\" data-widget_type=\"video.default\">\n\t\t\t\t<div class=\"elementor-widget-container\">\n\t\t\t\t\t\t\t<div class=\"e-hosted-video elementor-wrapper elementor-open-inline\">\n\t\t\t\t\t<video class=\"elementor-video\" src=\"https:\/\/www.cathedralesindustrielles.art\/wp-content\/uploads\/2024\/12\/France-3-Lorraine-ICI-19-20-3-dec-2024-BD.mp4\" controls=\"\" preload=\"metadata\" controlsList=\"nodownload\" poster=\"https:\/\/www.cathedralesindustrielles.art\/wp-content\/uploads\/2024\/08\/France-3-Image.png\"><\/video>\n\t\t\t\t<\/div>\n\t\t\t\t\t\t<\/div>\n\t\t\t\t<\/div>\n\t\t\t\t<div class=\"elementor-element elementor-element-2fdb30f elementor-widget__width-initial elementor-widget elementor-widget-text-editor\" data-id=\"2fdb30f\" data-element_type=\"widget\" data-e-type=\"widget\" data-widget_type=\"text-editor.default\">\n\t\t\t\t<div class=\"elementor-widget-container\">\n\t\t\t\t\t\t\t\t\t<p style=\"text-align: center;\"><span style=\"color: #ffffff;\"><em><strong>Journal de France 3 Lorraine<\/strong><\/em> du 3 d\u00e9cembre 2024<br \/><\/span><\/p>\t\t\t\t\t\t\t\t<\/div>\n\t\t\t\t<\/div>\n\t\t\t\t<div class=\"elementor-element elementor-element-b8b1891 elementor-widget elementor-widget-music-player\" data-id=\"b8b1891\" data-element_type=\"widget\" data-e-type=\"widget\" data-widget_type=\"music-player.default\">\n\t\t\t\t<div class=\"elementor-widget-container\">\n\t\t\t\t\t<article id=\"arbitrary-instance-69f0bdaf66899\" class=\"iron_widget_radio\"><div class=\"iron-audioplayer  playlist_has_no_ctas\" id=\"arbitrary-instance-69f0bdaf66899-27fbd8084a\" data-id=\"arbitrary-instance-69f0bdaf66899\" data-track-sw-cursor=\"\" data-lazyload=\"\" data-albums=\"\" data-category=\"all\" data-url-playlist=\"https:\/\/www.cathedralesindustrielles.art\/?load=playlist.json&#038;title=&#038;albums=&#038;category=all&#038;posts_not_in=&#038;category_not_in=&#038;author=&#038;feed_title=&#038;feed=&#038;feed_img=&#038;el_widget_id=&#038;artwork=&#038;posts_per_pages=-1&#038;all_category=1&#038;single_playlist=&#038;reverse_tracklist=&#038;audio_meta_field=&#038;repeater_meta_field=&#038;import_file=&#038;rss_items=-1&#038;rss_item_title=&#038;is_favorite=&#038;is_recentlyplayed=&#038;srp_order=date_DESC\" data-sticky-player=\"\" data-shuffle=\"false\" data-playlist_title=\"\" data-scrollbar=\"\" data-wave-color=\"\" data-wave-progress-color=\"\" data-spectro=\"\" data-no-wave=\"\" data-hide-progressbar=\"\" data-progress-bar-style=\"\"data-feedurl=\"0\" data-notrackskip=\"\" data-no-loop-tracklist=\"\" data-playertemplate =\"skin_boxed_tracklist\" data-hide-artwork =\"\" data-speedrate=\"1\"  data-tracks-per-page=\"\" data-pagination_scroll_offset=\"\" data-total_items=\"1\" data-total_pages=\"0\" data-adaptive-colors=\"\" data-adaptive-colors-freeze=\"\" style=\"opacity:0;\"><div class=\"srp_player_boxed srp_player_grid\"><div class=\"sonaar-Artwort-box \">\n                <div class=\"control\">\n                    \n                <\/div>\n                <div class=\"album\">\n                    <div class=\"album-art\">\n                        <img alt=\"album-art\">\n                    <\/div>\n                <\/div>\n                <\/div><div class=\"album-player sr_waveform_mediaElement\"><div class=\"srp_miniplayer_metas\"><div class=\" srp_meta srp_meta_0 track-title\" data-prefix=\"\" aria-label=\"Track title\"><\/div><\/div><div class=\"srp_subtitle\">16 janvier 2025<\/div><div class=\"srp_player_meta\"><\/div><div class=\"srp_control_box\">\n            <div role=\"button\" tabindex=\"0\" class=\"srp-play-button play\" href=\"#\" aria-label=\"Play\">\n                <i class=\"sricon-play\"><\/i>\n                <div class=\"srp-play-circle\"><\/div>\n            <\/div><div class=\"srp_wave_box\"> <div class=\"player \" ><div class=\"sr_progressbar\">\n                \n            <div class=\"currentTime\">00:00<\/div>\n         \n                <div id=\"arbitrary-instance-69f0bdaf66899-f1d4ef1d48-wave\" class=\"wave\" >\n                 \n        <div class=\"sonaar_fake_wave\" style=\"height:70px\"> \n            <audio src=\"\" class=\"sonaar_media_element\"><\/audio> \n            <div class=\"sonaar_wave_base\"> \n                <canvas id=\"sonaar_wave_base_canvas\" class=\"\" height=\"70\" width=\"2540\"><\/canvas> \n                <svg><\/svg> \n            <\/div> \n            <div class=\"sonaar_wave_cut\"> \n                <canvas id=\"sonaar_wave_cut_canvas\" class=\"\" height=\"70\" width=\"2540\"><\/canvas> \n                <svg><\/svg> \n            <\/div> \n        <\/div> \n                <\/div>\n                \n            <div class=\"totalTime\"><\/div>\n         \n             <\/div><\/div><div class=\"srp_main_control\"><div class=\"control\"><div role=\"button\" tabindex=\"0\" class=\"play\" style=\"opacity:0;\" aria-label=\"Play\" title=\"Play\/Pause\">\n                <i class=\"sricon-play\"><\/i>\n            <\/div><div class=\"srp_track_cta\"><\/div><\/div><\/div><\/div><\/div><\/div><\/div><div class=\"playlist sr_waveform_mediaElement\"  id=\"playlist_arbitrary-instance-69f0bdaf66899\"><div class=\"srp_tracklist\"><ul class=\"srp_list\"><li \n            class=\"sr-playlist-item\" \n            data-audiopath=\"https:\/\/www.cathedralesindustrielles.art\/wp-content\/uploads\/2025\/01\/250116-Radio-Fajet-Lumiere-en-arts.mp3\"\n            data-showloading=\"1\"\n            data-albumTitle=\"\u00c9mission Lumi\u00e8re en Arts - Radio Fajet\"\n            data-albumArt=\"\"\n            data-releasedate=\"16 janvier 2025\"\n            data-date=\"2025\/01\/17\"\n            data-date-formated=\"17 janvier 2025\"\n            data-show-date=\"\"\n            data-trackTitle=\"Lumiere en arts \u2013 Radio Fajet\"\n            data-artist=\"\"\n            data-trackID=\"824\"\n            data-trackTime=\"21:48\"\n            data-relatedTrack=\"\"\n            data-post-url=\"\"\n            data-post-id=\"826\"\n            data-track-pos=\"0\"\n            data-peakFile=\"https:\/\/www.cathedralesindustrielles.art\/wp-content\/uploads\/audio_peaks\/824.peak\"\n            data-peakFile-allow=\"1\"\n            data-is-preview=\"\"\n            data-track-lyric=\"\" data-icecast_json=\"\" data-icecast_mount=\"\"><div class=\"sr-playlist-item-flex\"><span class=\"store-list\"><\/span><\/div><div class=\"srp_track_description\"><\/div><\/li><\/ul><\/div><\/div><div class=\"album-store\"><\/div><\/div><script id=\"srp_js_params_69f0bdaf66899\">\n        var srp_player_params_69f0bdaf66899 = {\"title\":\"\",\"store_title_text\":\"\",\"albums\":[],\"hide_artwork\":\"false\",\"sticky_player\":\"\",\"show_album_market\":\"false\",\"show_track_market\":\"true\",\"hide_timeline\":\"false\",\"elementor\":\"true\",\"tracks_per_page\":\"\",\"titletag_soundwave\":\"div\",\"titletag_playlist\":\"h3\",\"show_control_on_hover\":\"false\",\"show_playlist\":\"false\",\"reverse_tracklist\":\"\",\"wave_color\":\"\",\"wave_progress_color\":\"\",\"spectro\":\"\",\"shuffle\":\"\",\"searchbar\":\"\",\"searchbar_placeholder\":\"\",\"player_layout\":\"skin_boxed_tracklist\",\"artwork\":\"\",\"category\":\"all\",\"orderby\":\"date\",\"order\":\"DESC\",\"use_play_label_with_icon\":\"false\",\"main_settings\":\"||\"} \n        var srp_player_params_args_69f0bdaf66899 = {\"before_widget\":\"<article id=\\\"arbitrary-instance-69f0bdaf66899\\\" class=\\\"iron_widget_radio\\\">\",\"after_widget\":\"<\\\/article>\",\"before_title\":\"<span class='heading-t3'><\\\/span><h3 class=\\\"widgettitle\\\">\",\"after_title\":\"<\\\/h3>\",\"widget_id\":\"arbitrary-instance-69f0bdaf66899\"}  \n        <\/script><script>if(typeof setIronAudioplayers !== \"undefined\"){ setIronAudioplayers(\"arbitrary-instance-69f0bdaf66899\"); }<\/script><\/article>\t\t\t\t<\/div>\n\t\t\t\t<\/div>\n\t\t\t\t<div class=\"elementor-element elementor-element-5423722 elementor-widget__width-initial elementor-widget elementor-widget-text-editor\" data-id=\"5423722\" data-element_type=\"widget\" data-e-type=\"widget\" data-widget_type=\"text-editor.default\">\n\t\t\t\t<div class=\"elementor-widget-container\">\n\t\t\t\t\t\t\t\t\t<p style=\"text-align: center;\"><span style=\"color: #ffffff;\">\u00c9mission <em><strong>Lumi\u00e8re en Arts<\/strong><\/em>, Radio Fajet le<\/span><span style=\"color: #ffffff;\"> 16 janvier 2025<br \/><\/span><\/p>\t\t\t\t\t\t\t\t<\/div>\n\t\t\t\t<\/div>\n\t\t\t\t<div class=\"elementor-element elementor-element-e9bc74e elementor-widget__width-initial elementor-widget elementor-widget-image\" data-id=\"e9bc74e\" data-element_type=\"widget\" data-e-type=\"widget\" data-widget_type=\"image.default\">\n\t\t\t\t<div class=\"elementor-widget-container\">\n\t\t\t\t\t\t\t\t\t\t\t\t\t\t\t\t<a href=\"https:\/\/www.cathedralesindustrielles.art\/wp-content\/uploads\/2024\/12\/241204-Le-Quotidien-lu-Version-Papier-BD.png\" data-elementor-open-lightbox=\"no\">\n\t\t\t\t\t\t\t<img fetchpriority=\"high\" decoding=\"async\" width=\"680\" height=\"1021\" src=\"https:\/\/www.cathedralesindustrielles.art\/wp-content\/uploads\/2024\/12\/241204-Le-Quotidien-lu-Version-Papier-BD-682x1024.png\" class=\"attachment-large size-large wp-image-675\" alt=\"\" srcset=\"https:\/\/www.cathedralesindustrielles.art\/wp-content\/uploads\/2024\/12\/241204-Le-Quotidien-lu-Version-Papier-BD-682x1024.png 682w, https:\/\/www.cathedralesindustrielles.art\/wp-content\/uploads\/2024\/12\/241204-Le-Quotidien-lu-Version-Papier-BD-200x300.png 200w, https:\/\/www.cathedralesindustrielles.art\/wp-content\/uploads\/2024\/12\/241204-Le-Quotidien-lu-Version-Papier-BD-768x1154.png 768w, https:\/\/www.cathedralesindustrielles.art\/wp-content\/uploads\/2024\/12\/241204-Le-Quotidien-lu-Version-Papier-BD-1022x1536.png 1022w, https:\/\/www.cathedralesindustrielles.art\/wp-content\/uploads\/2024\/12\/241204-Le-Quotidien-lu-Version-Papier-BD.png 1065w\" sizes=\"(max-width: 680px) 100vw, 680px\" \/>\t\t\t\t\t\t\t\t<\/a>\n\t\t\t\t\t\t\t\t\t\t\t\t\t\t\t<\/div>\n\t\t\t\t<\/div>\n\t\t\t\t<div class=\"elementor-element elementor-element-c3558d4 elementor-widget__width-initial elementor-widget elementor-widget-text-editor\" data-id=\"c3558d4\" data-element_type=\"widget\" data-e-type=\"widget\" data-widget_type=\"text-editor.default\">\n\t\t\t\t<div class=\"elementor-widget-container\">\n\t\t\t\t\t\t\t\t\t<p style=\"text-align: center;\"><span style=\"color: #ffffff;\">Journal Luxembourgeois <strong><em>Le Quotidien<\/em><\/strong> du 4 d\u00e9cembre 2024<br \/><\/span><\/p>\t\t\t\t\t\t\t\t<\/div>\n\t\t\t\t<\/div>\n\t\t\t\t<div class=\"elementor-element elementor-element-e957803 elementor-widget__width-initial elementor-widget elementor-widget-image\" data-id=\"e957803\" data-element_type=\"widget\" data-e-type=\"widget\" data-widget_type=\"image.default\">\n\t\t\t\t<div class=\"elementor-widget-container\">\n\t\t\t\t\t\t\t\t\t\t\t\t\t\t\t\t<a href=\"https:\/\/www.cathedralesindustrielles.art\/wp-content\/uploads\/2025\/01\/250102-La-Semaine.png\" data-elementor-open-lightbox=\"no\">\n\t\t\t\t\t\t\t<img decoding=\"async\" width=\"680\" height=\"962\" src=\"https:\/\/www.cathedralesindustrielles.art\/wp-content\/uploads\/2025\/01\/250102-La-Semaine-724x1024.png\" class=\"attachment-large size-large wp-image-819\" alt=\"\" srcset=\"https:\/\/www.cathedralesindustrielles.art\/wp-content\/uploads\/2025\/01\/250102-La-Semaine-724x1024.png 724w, https:\/\/www.cathedralesindustrielles.art\/wp-content\/uploads\/2025\/01\/250102-La-Semaine-212x300.png 212w, https:\/\/www.cathedralesindustrielles.art\/wp-content\/uploads\/2025\/01\/250102-La-Semaine-768x1086.png 768w, https:\/\/www.cathedralesindustrielles.art\/wp-content\/uploads\/2025\/01\/250102-La-Semaine-1086x1536.png 1086w, https:\/\/www.cathedralesindustrielles.art\/wp-content\/uploads\/2025\/01\/250102-La-Semaine.png 1240w\" sizes=\"(max-width: 680px) 100vw, 680px\" \/>\t\t\t\t\t\t\t\t<\/a>\n\t\t\t\t\t\t\t\t\t\t\t\t\t\t\t<\/div>\n\t\t\t\t<\/div>\n\t\t\t\t<div class=\"elementor-element elementor-element-b39741f elementor-widget__width-initial elementor-widget elementor-widget-text-editor\" data-id=\"b39741f\" data-element_type=\"widget\" data-e-type=\"widget\" data-widget_type=\"text-editor.default\">\n\t\t\t\t<div class=\"elementor-widget-container\">\n\t\t\t\t\t\t\t\t\t<p style=\"text-align: center;\"><span style=\"color: #ffffff;\">Journal <strong><em>La Semaine<\/em><\/strong> du 2 janvier 2025<br \/><\/span><\/p>\t\t\t\t\t\t\t\t<\/div>\n\t\t\t\t<\/div>\n\t\t\t\t<\/div>\n\t\t<div class=\"elementor-element elementor-element-e5a9219 e-con-full e-flex e-con e-child\" data-id=\"e5a9219\" data-element_type=\"container\" data-e-type=\"container\" data-settings=\"{&quot;background_background&quot;:&quot;gradient&quot;}\">\n\t\t\t\t<div class=\"elementor-element elementor-element-2bfe201 elementor-align-center elementor-widget elementor-widget-button\" data-id=\"2bfe201\" data-element_type=\"widget\" data-e-type=\"widget\" data-widget_type=\"button.default\">\n\t\t\t\t<div class=\"elementor-widget-container\">\n\t\t\t\t\t\t\t\t\t<div class=\"elementor-button-wrapper\">\n\t\t\t\t\t<a class=\"elementor-button elementor-button-link elementor-size-sm\" href=\"https:\/\/www.cathedralesindustrielles.art\/presse.pdf\" target=\"_blank\">\n\t\t\t\t\t\t<span class=\"elementor-button-content-wrapper\">\n\t\t\t\t\t\t\t\t\t<span class=\"elementor-button-text\">T\u00e9l\u00e9charger le dossier de presse<\/span>\n\t\t\t\t\t<\/span>\n\t\t\t\t\t<\/a>\n\t\t\t\t<\/div>\n\t\t\t\t\t\t\t\t<\/div>\n\t\t\t\t<\/div>\n\t\t\t\t<div class=\"elementor-element elementor-element-592e3de elementor-widget-divider--view-line elementor-widget elementor-widget-divider\" data-id=\"592e3de\" data-element_type=\"widget\" data-e-type=\"widget\" data-widget_type=\"divider.default\">\n\t\t\t\t<div class=\"elementor-widget-container\">\n\t\t\t\t\t\t\t<div class=\"elementor-divider\">\n\t\t\t<span class=\"elementor-divider-separator\">\n\t\t\t\t\t\t<\/span>\n\t\t<\/div>\n\t\t\t\t\t\t<\/div>\n\t\t\t\t<\/div>\n\t\t\t\t<div class=\"elementor-element elementor-element-de87349 elementor-align-center elementor-widget elementor-widget-button\" data-id=\"de87349\" data-element_type=\"widget\" data-e-type=\"widget\" data-widget_type=\"button.default\">\n\t\t\t\t<div class=\"elementor-widget-container\">\n\t\t\t\t\t\t\t\t\t<div class=\"elementor-button-wrapper\">\n\t\t\t\t\t<a class=\"elementor-button elementor-button-link elementor-size-sm\" href=\"https:\/\/www.cathedralesindustrielles.art\/presskit.pdf\" target=\"_blank\">\n\t\t\t\t\t\t<span class=\"elementor-button-content-wrapper\">\n\t\t\t\t\t\t\t\t\t<span class=\"elementor-button-text\">Download The Press Kit<\/span>\n\t\t\t\t\t<\/span>\n\t\t\t\t\t<\/a>\n\t\t\t\t<\/div>\n\t\t\t\t\t\t\t\t<\/div>\n\t\t\t\t<\/div>\n\t\t\t\t<\/div>\n\t\t\t\t<div class=\"elementor-element elementor-element-0c662de elementor-widget-divider--view-line elementor-widget elementor-widget-divider\" data-id=\"0c662de\" data-element_type=\"widget\" data-e-type=\"widget\" data-widget_type=\"divider.default\">\n\t\t\t\t<div class=\"elementor-widget-container\">\n\t\t\t\t\t\t\t<div class=\"elementor-divider\">\n\t\t\t<span class=\"elementor-divider-separator\">\n\t\t\t\t\t\t<\/span>\n\t\t<\/div>\n\t\t\t\t\t\t<\/div>\n\t\t\t\t<\/div>\n\t\t\t\t<div class=\"elementor-element elementor-element-ffa4502 elementor-widget-divider--view-line elementor-widget elementor-widget-divider\" data-id=\"ffa4502\" data-element_type=\"widget\" data-e-type=\"widget\" data-widget_type=\"divider.default\">\n\t\t\t\t<div class=\"elementor-widget-container\">\n\t\t\t\t\t\t\t<div class=\"elementor-divider\">\n\t\t\t<span class=\"elementor-divider-separator\">\n\t\t\t\t\t\t<\/span>\n\t\t<\/div>\n\t\t\t\t\t\t<\/div>\n\t\t\t\t<\/div>\n\t\t<div class=\"elementor-element elementor-element-22940ae e-con-full e-flex e-con e-child\" data-id=\"22940ae\" data-element_type=\"container\" data-e-type=\"container\" data-settings=\"{&quot;background_background&quot;:&quot;classic&quot;,&quot;position&quot;:&quot;absolute&quot;,&quot;sticky&quot;:&quot;top&quot;,&quot;sticky_on&quot;:[&quot;desktop&quot;,&quot;tablet&quot;,&quot;mobile&quot;],&quot;sticky_offset&quot;:0,&quot;sticky_effects_offset&quot;:0,&quot;sticky_anchor_link_offset&quot;:0}\">\n\t\t\t\t<div class=\"elementor-element elementor-element-87ece60 elementor-widget__width-initial elementor-widget elementor-widget-heading\" data-id=\"87ece60\" data-element_type=\"widget\" data-e-type=\"widget\" data-widget_type=\"heading.default\">\n\t\t\t\t<div class=\"elementor-widget-container\">\n\t\t\t\t\t<p class=\"elementor-heading-title elementor-size-default\">Nicolas DOHR - Photographe, vid\u00e9aste et pilote de drone.<br>\ncontact@nicolasdohr.com<br>\n+33.6.76.35.90.39<br>\nhttps:\/\/www.nicolasdohr.com\/<br><br>\n\n\nLa totalit\u00e9 des images est issue d'un travail photographique. A aucun moment il n'a \u00e9t\u00e9 fait usage de programme de g\u00e9n\u00e9ration d'image par Intelligence Artificielle.<br><br>\n\u00a9 2024 Tous droits r\u00e9serv\u00e9s. <\/p>\t\t\t\t<\/div>\n\t\t\t\t<\/div>\n\t\t\t\t<\/div>\n\t\t\t\t<\/div>\n\t\t\t\t<\/div>\n\t\t","protected":false},"excerpt":{"rendered":"<p>Presse &amp; m\u00e9dias On parle de l&rsquo;exposition https:\/\/www.cathedralesindustrielles.art\/worldskills.mp4 WebTV Salon Worldskills Metz du 30 janvier 2025 https:\/\/www.cathedralesindustrielles.art\/wp-content\/uploads\/2025\/01\/France-3-Lorraine-ICI-19-20-10-jan-2025-BD.mp4 Journal de France 3 Lorraine du 10 janvier 2025 https:\/\/www.cathedralesindustrielles.art\/wp-content\/uploads\/2024\/12\/France-3-Lorraine-ICI-19-20-3-dec-2024-BD.mp4 Journal de France<span class=\"more-button\"><a href=\"https:\/\/www.cathedralesindustrielles.art\/?page_id=701\" class=\"more-link\">Continue reading<span class=\"screen-reader-text\">Presse &#038; M\u00e9dias<\/span><\/a><\/span><\/p>\n","protected":false},"author":2,"featured_media":0,"parent":0,"menu_order":-1,"comment_status":"closed","ping_status":"closed","template":"elementor_header_footer","meta":{"footnotes":""},"class_list":["post-701","page","type-page","status-publish","hentry"],"_links":{"self":[{"href":"https:\/\/www.cathedralesindustrielles.art\/index.php?rest_route=\/wp\/v2\/pages\/701","targetHints":{"allow":["GET"]}}],"collection":[{"href":"https:\/\/www.cathedralesindustrielles.art\/index.php?rest_route=\/wp\/v2\/pages"}],"about":[{"href":"https:\/\/www.cathedralesindustrielles.art\/index.php?rest_route=\/wp\/v2\/types\/page"}],"author":[{"embeddable":true,"href":"https:\/\/www.cathedralesindustrielles.art\/index.php?rest_route=\/wp\/v2\/users\/2"}],"replies":[{"embeddable":true,"href":"https:\/\/www.cathedralesindustrielles.art\/index.php?rest_route=%2Fwp%2Fv2%2Fcomments&post=701"}],"version-history":[{"count":61,"href":"https:\/\/www.cathedralesindustrielles.art\/index.php?rest_route=\/wp\/v2\/pages\/701\/revisions"}],"predecessor-version":[{"id":846,"href":"https:\/\/www.cathedralesindustrielles.art\/index.php?rest_route=\/wp\/v2\/pages\/701\/revisions\/846"}],"wp:attachment":[{"href":"https:\/\/www.cathedralesindustrielles.art\/index.php?rest_route=%2Fwp%2Fv2%2Fmedia&parent=701"}],"curies":[{"name":"wp","href":"https:\/\/api.w.org\/{rel}","templated":true}]}}